{"id":5,"date":"2019-02-03T07:03:22","date_gmt":"2019-02-03T07:03:22","guid":{"rendered":"https:\/\/bellathemes.com\/demo\/quail-pro\/?page_id=5"},"modified":"2021-11-13T20:36:49","modified_gmt":"2021-11-13T19:36:49","slug":"home","status":"publish","type":"page","link":"https:\/\/magis2.red2.pl\/","title":{"rendered":"Home"},"content":{"rendered":"<div id=\"pl-5\"  class=\"panel-layout\" ><div id=\"pg-5-0\"  class=\"panel-grid panel-has-style\" ><div class=\"default-padding panel-row-style panel-row-style-for-5-0\" style=\"color: #ffffff;\" data-container=\"container-medium\" data-hascolor=\"hascolor\" ><div id=\"pgc-5-0-0\"  class=\"panel-grid-cell\" ><div id=\"panel-5-0-0-0\" class=\"so-panel widget widget_quail-heading panel-first-child\" data-index=\"0\" ><div class=\"justify-center panel-widget-style panel-widget-style-for-5-0-0-0\" style=\"text-align: center;color:#4f4f4f;\" >\t\t<div class=\"quail-component quail-heading center\">\r\n\r\n\t\t\t<h3 style=\"font-size:34px;font-weight:100;line-height:30px;margin:0 0 50px 0;\">Kompleksowe wsparcie biznesu<\/h3>  \r\n\r\n\t\t<\/div>\r\n\r\n\t\t<\/div><\/div><div id=\"panel-5-0-0-1\" class=\"so-panel widget widget_quail-services\" data-index=\"1\" ><div class=\"justify-center panel-widget-style panel-widget-style-for-5-0-0-1\" style=\"text-align: center;color:#4f4f4f;\" >\t\t<div class=\"quail-component quail-services three-col center\">\r\n\t\t\t\t<\/div>\r\n\t<\/div><\/div><div id=\"panel-5-0-0-2\" class=\"so-panel widget widget_quail-card panel-last-child\" data-index=\"2\" ><div class=\"justify-center panel-widget-style panel-widget-style-for-5-0-0-2\" style=\"text-align: center;color:#4f4f4f;\" >\r\n\t\t\r\n\r\n\t\t\t\t\r\n\r\n\t\t\t\t<div class=\"quail-component quail-card\">\r\n\t\t\t\t\t<ul class=\"three-col\">\r\n\t\t\t\t\t\t<li class=\"center\"><div><i class=\"fas fa-chart-area\"><\/i><h4>Biznes &amp; Finanse<\/h4><p>wspieramy optymalizacj\u0119 proces\u00f3w biznesowych, d\u0105\u017cymy do wzrostu efektywno\u015bci dzia\u0142a\u0144 sp\u00f3\u0142ki<\/p><\/div><\/li><li class=\"center\"><div><i class=\"fas fa-chart-pie\"><\/i><h4>Sprzeda\u017c<\/h4><p>pomagamy w zwi\u0119kszeniu skuteczno\u015bci sprzeda\u017cy, ka\u017cego Klienta traktujemy indywidualnie<\/p><\/div><\/li><li class=\"center\"><div><i class=\"fas fa-users\"><\/i><h4>Rozw\u00f3j osobisty<\/h4><p>pomagamy Klientom odnale\u017a\u0107 motywacje i odkry\u0107 zasoby wa\u017cne w \u017cyciu prywatnym i zawodowym<\/p><\/div><\/li>\t\t\t\t\t\t<\/ul>\r\n\t\t\t\t\t<\/div>\r\n\t\t\t\t\r\n\t\t\t\t<\/div><\/div><\/div><\/div><\/div><div id=\"pg-5-1\"  class=\"panel-grid panel-has-style\" ><div class=\"default-padding panel-row-style panel-row-style-for-5-1\" style=\"color: #4f4f4f;\" data-container=\"container-large\" data-hascolor=\"hascolor\" ><div id=\"pgc-5-1-0\"  class=\"panel-grid-cell\" ><div id=\"panel-5-1-0-0\" class=\"so-panel widget widget_quail-counter panel-first-child panel-last-child\" data-index=\"3\" ><div class=\"justify-left panel-widget-style panel-widget-style-for-5-1-0-0\" style=\"text-align: flex-start;color:#ffffff;\" >\n\t\t\t\n\n\t\t\t\n\n\n\n\t\t\t\n\n\t\t\t\t<div class=\"quail-component quail-counter three-col\">\n\n\t\t\t\t\t\n\n\n\t\t\t\t\t\t<div class=\"milestone-counter-wrapper\">\n\t\t\t\t\t\t\t<div class=\"milestone-counter\">\n\t\t\t\t\t\t\t<div class=\"counter-icon\">\n\n\t\t\t\t\t\t\t<i style=\"color:#c11a1a\" class=\"fas fa-chart-area\"><\/i>\n\t\t\t\t\t\t<\/div>\n\t\t\t\t\t\t<div class=\"counter-detail\">\n\n\t\t\t\t\t\t\t<span class=\"stat-count highlight\">20<\/span>\n\n\t\t\t\t\t\t\t<div class=\"milestone-details\">LAT DO\u015aWIADCZENIA NA RYNKU KAPITA\u0141OWYM<\/div>\n\t\t\t\t\t\t<\/div>\n\t\t\t\t\t<\/div>\n\n\n\t\t\t\t\t\t<\/div>\n\n\n\n\t\t\t\t\t\t\n\n\n\t\t\t\t\t\t<div class=\"milestone-counter-wrapper\">\n\t\t\t\t\t\t\t<div class=\"milestone-counter\">\n\t\t\t\t\t\t\t<div class=\"counter-icon\">\n\n\t\t\t\t\t\t\t<i style=\"color:#c11a1a\" class=\"fas fa-tasks\"><\/i>\n\t\t\t\t\t\t<\/div>\n\t\t\t\t\t\t<div class=\"counter-detail\">\n\n\t\t\t\t\t\t\t<span class=\"stat-count highlight\">15<\/span>\n\n\t\t\t\t\t\t\t<div class=\"milestone-details\">LAT PROWADZENIA PROJEKT\u00d3W<\/div>\n\t\t\t\t\t\t<\/div>\n\t\t\t\t\t<\/div>\n\n\n\t\t\t\t\t\t<\/div>\n\n\n\n\t\t\t\t\t\t\n\n\n\t\t\t\t\t\t<div class=\"milestone-counter-wrapper\">\n\t\t\t\t\t\t\t<div class=\"milestone-counter\">\n\t\t\t\t\t\t\t<div class=\"counter-icon\">\n\n\t\t\t\t\t\t\t<i style=\"color:#c11a1a\" class=\"fas fa-coffee\"><\/i>\n\t\t\t\t\t\t<\/div>\n\t\t\t\t\t\t<div class=\"counter-detail\">\n\n\t\t\t\t\t\t\t<span class=\"stat-count highlight\"><\/span>\n\n\t\t\t\t\t\t\t<div class=\"milestone-details\">NIEZLICZONA ILO\u015a\u0106 WYPITYCH KAW<\/div>\n\t\t\t\t\t\t<\/div>\n\t\t\t\t\t<\/div>\n\n\n\t\t\t\t\t\t<\/div>\n\n\n\n\t\t\t\t\t\t\n\t\t\t\t\t<\/div>\n\n\n\n\n\n\n\n\n\n\n\t\t\t\t<\/div><\/div><\/div><\/div><\/div><div id=\"pg-5-2\"  class=\"panel-grid panel-has-style\" ><div class=\"default-padding panel-row-style panel-row-style-for-5-2\" style=\"color: #4f4f4f;\" data-container=\"container-large\" data-hascolor=\"hascolor\" ><div id=\"pgc-5-2-0\"  class=\"panel-grid-cell\" ><div id=\"panel-5-2-0-0\" class=\"so-panel widget widget_text panel-first-child panel-last-child\" data-index=\"4\" ><div class=\"justify-left panel-widget-style panel-widget-style-for-5-2-0-0\" style=\"text-align: flex-start;color:#ffffff;\" ><h3 class=\"widget-title\">Biznes &#038; Finanse<\/h3>\t\t\t<div class=\"textwidget\"><p>&nbsp;<\/p>\n<ul>\n<li>optymalizacja proces\u00f3w biznesowych<\/li>\n<li>prowadzenie projekt\u00f3w<\/li>\n<li>wsparcie w negocjacjach<\/li>\n<li>konsultacje Start-up<\/li>\n<li>realizacja procesu tworzenia dzia\u0142alno\u015bci biznesowej<\/li>\n<li>us\u0142ugi ksi\u0119gowe, zewn\u0119trzny CFO<\/li>\n<\/ul>\n<\/div>\n\t\t<\/div><\/div><\/div><div id=\"pgc-5-2-1\"  class=\"panel-grid-cell\" ><div class=\"panel-cell-style panel-cell-style-for-5-2-1\" ><div id=\"panel-5-2-1-0\" class=\"so-panel widget widget_media_image panel-first-child panel-last-child\" data-index=\"5\" ><div class=\"justify-left panel-widget-style panel-widget-style-for-5-2-1-0\" style=\"text-align: flex-start;color:#4f4f4f;\" ><img loading=\"lazy\" decoding=\"async\" width=\"505\" height=\"505\" src=\"https:\/\/magis2.red2.pl\/wp-content\/uploads\/2021\/11\/wsparcie-procesow-biznesowych-1.png\" class=\"image wp-image-803  attachment-full size-full\" alt=\"projekty\" style=\"max-width: 100%; height: auto;\" srcset=\"https:\/\/magis2.red2.pl\/wp-content\/uploads\/2021\/11\/wsparcie-procesow-biznesowych-1.png 505w, https:\/\/magis2.red2.pl\/wp-content\/uploads\/2021\/11\/wsparcie-procesow-biznesowych-1-300x300.png 300w, https:\/\/magis2.red2.pl\/wp-content\/uploads\/2021\/11\/wsparcie-procesow-biznesowych-1-150x150.png 150w, https:\/\/magis2.red2.pl\/wp-content\/uploads\/2021\/11\/wsparcie-procesow-biznesowych-1-400x400.png 400w, https:\/\/magis2.red2.pl\/wp-content\/uploads\/2021\/11\/wsparcie-procesow-biznesowych-1-64x64.png 64w, https:\/\/magis2.red2.pl\/wp-content\/uploads\/2021\/11\/wsparcie-procesow-biznesowych-1-100x100.png 100w\" sizes=\"auto, (max-width: 505px) 100vw, 505px\" \/><\/div><\/div><\/div><\/div><\/div><\/div><div id=\"pg-5-3\"  class=\"panel-grid panel-has-style\" ><div class=\"default-padding panel-row-style panel-row-style-for-5-3\" style=\"color: #4f4f4f;\" data-container=\"container-large\" data-hascolor=\"hascolor\" ><div id=\"pgc-5-3-0\"  class=\"panel-grid-cell\" ><div id=\"panel-5-3-0-0\" class=\"so-panel widget widget_media_image panel-first-child panel-last-child\" data-index=\"6\" ><div class=\"justify-left panel-widget-style panel-widget-style-for-5-3-0-0\" style=\"text-align: flex-start;color:#4f4f4f;\" ><img loading=\"lazy\" decoding=\"async\" width=\"505\" height=\"505\" src=\"https:\/\/magis2.red2.pl\/wp-content\/uploads\/2021\/11\/wsparcie-sprzedazy.png\" class=\"image wp-image-804  attachment-full size-full\" alt=\"wsparcie sprzedaa\u017cy\" style=\"max-width: 100%; height: auto;\" srcset=\"https:\/\/magis2.red2.pl\/wp-content\/uploads\/2021\/11\/wsparcie-sprzedazy.png 505w, https:\/\/magis2.red2.pl\/wp-content\/uploads\/2021\/11\/wsparcie-sprzedazy-300x300.png 300w, https:\/\/magis2.red2.pl\/wp-content\/uploads\/2021\/11\/wsparcie-sprzedazy-150x150.png 150w, https:\/\/magis2.red2.pl\/wp-content\/uploads\/2021\/11\/wsparcie-sprzedazy-400x400.png 400w, https:\/\/magis2.red2.pl\/wp-content\/uploads\/2021\/11\/wsparcie-sprzedazy-64x64.png 64w, https:\/\/magis2.red2.pl\/wp-content\/uploads\/2021\/11\/wsparcie-sprzedazy-100x100.png 100w\" sizes=\"auto, (max-width: 505px) 100vw, 505px\" \/><\/div><\/div><\/div><div id=\"pgc-5-3-1\"  class=\"panel-grid-cell\" ><div class=\"panel-cell-style panel-cell-style-for-5-3-1\" ><div id=\"panel-5-3-1-0\" class=\"so-panel widget widget_text panel-first-child panel-last-child\" data-index=\"7\" ><div class=\"justify-left panel-widget-style panel-widget-style-for-5-3-1-0\" style=\"text-align: flex-start;color:#000000;\" ><h3 class=\"widget-title\">Sprzeda\u017c<\/h3>\t\t\t<div class=\"textwidget\"><p>&nbsp;<\/p>\n<ul>\n<li>po\u015brednictwo w sprzeda\u017cy<\/li>\n<li>us\u0142ugi business concierge (zaoszcz\u0119dzimy Tw\u00f3j czas)<\/li>\n<\/ul>\n<\/div>\n\t\t<\/div><\/div><\/div><\/div><\/div><\/div><div id=\"pg-5-4\"  class=\"panel-grid panel-has-style\" ><div class=\"default-padding panel-row-style panel-row-style-for-5-4\" style=\"color: #4f4f4f;\" data-container=\"container-large\" data-hascolor=\"hascolor\" ><div id=\"pgc-5-4-0\"  class=\"panel-grid-cell\" ><div id=\"panel-5-4-0-0\" class=\"so-panel widget widget_text panel-first-child panel-last-child\" data-index=\"8\" ><div class=\"justify-left panel-widget-style panel-widget-style-for-5-4-0-0\" style=\"text-align: flex-start;color:#ffffff;\" ><h3 class=\"widget-title\">Rozw\u00f3j osobisty<\/h3>\t\t\t<div class=\"textwidget\"><p>&nbsp;<\/p>\n<ul>\n<li>coaching, wsparcie w wyborze w\u0142asnej drogi<\/li>\n<li>komunikacja<\/li>\n<li>etyka w biznesie<\/li>\n<li>powr\u00f3t do aktywno\u015bci fizycznej<\/li>\n<\/ul>\n<\/div>\n\t\t<\/div><\/div><\/div><div id=\"pgc-5-4-1\"  class=\"panel-grid-cell\" ><div class=\"panel-cell-style panel-cell-style-for-5-4-1\" ><div id=\"panel-5-4-1-0\" class=\"so-panel widget widget_media_image panel-first-child panel-last-child\" data-index=\"9\" ><div class=\"justify-left panel-widget-style panel-widget-style-for-5-4-1-0\" style=\"text-align: flex-start;color:#4f4f4f;\" ><img loading=\"lazy\" decoding=\"async\" width=\"505\" height=\"505\" src=\"https:\/\/magis2.red2.pl\/wp-content\/uploads\/2021\/11\/rozwoj-osobisty.png\" class=\"image wp-image-806  attachment-full size-full\" alt=\"rozw\u00f3j osobisty\" style=\"max-width: 100%; height: auto;\" srcset=\"https:\/\/magis2.red2.pl\/wp-content\/uploads\/2021\/11\/rozwoj-osobisty.png 505w, https:\/\/magis2.red2.pl\/wp-content\/uploads\/2021\/11\/rozwoj-osobisty-300x300.png 300w, https:\/\/magis2.red2.pl\/wp-content\/uploads\/2021\/11\/rozwoj-osobisty-150x150.png 150w, https:\/\/magis2.red2.pl\/wp-content\/uploads\/2021\/11\/rozwoj-osobisty-400x400.png 400w, https:\/\/magis2.red2.pl\/wp-content\/uploads\/2021\/11\/rozwoj-osobisty-64x64.png 64w, https:\/\/magis2.red2.pl\/wp-content\/uploads\/2021\/11\/rozwoj-osobisty-100x100.png 100w\" sizes=\"auto, (max-width: 505px) 100vw, 505px\" \/><\/div><\/div><\/div><\/div><\/div><\/div><div id=\"pg-5-5\"  class=\"panel-grid panel-has-style\" ><div class=\"default-padding parallax-window has-overlay panel-row-style panel-row-style-for-5-5\" style=\"color: #4f4f4f;background-size: cover;\" data-container=\"container-large\" data-hascolor=\"hascolor\" data-parallax=\"scroll\" data-image-src=\"https:\/\/magis2.red2.pl\/wp-content\/uploads\/2021\/11\/magis_warszawa_bw.png\" data-overlay=\"true\" ><div id=\"pgc-5-5-0\"  class=\"panel-grid-cell\" ><div id=\"panel-5-5-0-0\" class=\"so-panel widget widget_quail-heading panel-first-child\" data-index=\"10\" ><div class=\"justify-center panel-widget-style panel-widget-style-for-5-5-0-0\" style=\"text-align: center;color:#c11a1a;\" >\t\t<div class=\"quail-component quail-heading center\">\r\n\r\n\t\t\t<h1 style=\"font-size:34;color:#c11a1a;\">Szukasz optymalizacji proces\u00f3w w firmie?<\/h1>  \r\n\r\n\t\t<\/div>\r\n\r\n\t\t<\/div><\/div><div id=\"panel-5-5-0-1\" class=\"so-panel widget widget_quail-paragraph\" data-index=\"11\" ><div class=\"justify-center panel-widget-style panel-widget-style-for-5-5-0-1\" style=\"text-align: center;color:#ffffff;\" >\r\n\t\t<div class=\"quail-component compo-paragraph center\">\r\n\r\n\t\t\t<p style=\"font-size:30px;\">Potrzebujesz wsparcia przy wdra\u017caniu zmian?<\/p>    \r\n\r\n\t\t<\/div>\r\n\r\n\t\t<\/div><\/div><div id=\"panel-5-5-0-2\" class=\"so-panel widget widget_quail-cta panel-last-child\" data-index=\"12\" ><div class=\"justify-center panel-widget-style panel-widget-style-for-5-5-0-2\" style=\"text-align: center;color:#4f4f4f;\" >\r\n\t\t\t<div class=\"quail-component quail-cta center\">\r\n\r\n\t\t\t\t\r\n\t\t\t\t\t<a href=\"https:\/\/magis2.red2.pl\/index.php\/contact-us\/\" class=\"def-btn\">Skontaktuj si\u0119 z nami!<\/a>\r\n\t\t\t\t\t\r\n\t\t\t\t\r\n\t\t\t<\/div>\r\n\r\n\t\t\t<\/div><\/div><\/div><\/div><\/div><\/div>","protected":false},"excerpt":{"rendered":"<p>Kompleksowe wsparcie biznesu Biznes &amp; Finansewspieramy optymalizacj\u0119 proces\u00f3w biznesowych, d\u0105\u017cymy do wzrostu efektywno\u015bci dzia\u0142a\u0144 sp\u00f3\u0142kiSprzeda\u017cpomagamy w zwi\u0119kszeniu skuteczno\u015bci ...<\/p>","protected":false},"author":1,"featured_media":0,"parent":0,"menu_order":0,"comment_status":"closed","ping_status":"closed","template":"template-home.php","meta":{"_monsterinsights_skip_tracking":false,"_monsterinsights_sitenote_active":false,"_monsterinsights_sitenote_note":"","_monsterinsights_sitenote_category":0,"footnotes":""},"class_list":["post-5","page","type-page","status-publish","hentry"],"_links":{"self":[{"href":"https:\/\/magis2.red2.pl\/index.php\/wp-json\/wp\/v2\/pages\/5","targetHints":{"allow":["GET"]}}],"collection":[{"href":"https:\/\/magis2.red2.pl\/index.php\/wp-json\/wp\/v2\/pages"}],"about":[{"href":"https:\/\/magis2.red2.pl\/index.php\/wp-json\/wp\/v2\/types\/page"}],"author":[{"embeddable":true,"href":"https:\/\/magis2.red2.pl\/index.php\/wp-json\/wp\/v2\/users\/1"}],"replies":[{"embeddable":true,"href":"https:\/\/magis2.red2.pl\/index.php\/wp-json\/wp\/v2\/comments?post=5"}],"version-history":[{"count":274,"href":"https:\/\/magis2.red2.pl\/index.php\/wp-json\/wp\/v2\/pages\/5\/revisions"}],"predecessor-version":[{"id":819,"href":"https:\/\/magis2.red2.pl\/index.php\/wp-json\/wp\/v2\/pages\/5\/revisions\/819"}],"wp:attachment":[{"href":"https:\/\/magis2.red2.pl\/index.php\/wp-json\/wp\/v2\/media?parent=5"}],"curies":[{"name":"wp","href":"https:\/\/api.w.org\/{rel}","templated":true}]}}